{"id":4577,"date":"2016-03-15T00:06:14","date_gmt":"2016-03-14T23:06:14","guid":{"rendered":"http:\/\/quintette-altra.fr\/?page_id=4577"},"modified":"2022-07-06T11:20:01","modified_gmt":"2022-07-06T10:20:01","slug":"clarisse-moreau","status":"publish","type":"page","link":"http:\/\/quintette-altra.fr\/index.php\/clarisse-moreau\/","title":{"rendered":"Clarisse Moreau"},"content":{"rendered":"<p style=\"text-align: justify;\"><a href=\"http:\/\/quintette-altra.fr\/wp-content\/uploads\/2019\/04\/032.jpg\" rel=\"attachment wp-att-5067\"><img loading=\"lazy\" class=\"alignright wp-image-5433\" src=\"http:\/\/quintette-altra.fr\/wp-content\/uploads\/2019\/04\/032-684x1024.jpg\" alt=\"\" width=\"488\" height=\"731\" \/><\/a><\/p>\n<p>Apr\u00e8s avoir occup\u00e9 les postes de hautbois solo \u00e0 l\u2019Orchestre de Chambre de Paris et l\u2019Orchestre de la Suisse Romande, Clarisse Moreau est actuellement hautbois solo de l\u2019Orchestre National de Lyon.<\/p>\n<p>Elle \u00e9tudie au CNSMD de Lyon et \u00e0 la Hochschule de Munich avec J.L Capezzali, J. Guichard et F. Leleux, et termine son cursus mention Tr\u00e8s Bien avec les f\u00e9licitations du jury.<\/p>\n<p>Passionn\u00e9e par le r\u00e9pertoire baroque, elle apprend parall\u00e8lement le hautbois baroque avec P. Beaugiraud, et participe \u00e0 divers projets sur instruments d\u2019\u00e9poque.<\/p>\n<p>Elle est invit\u00e9e \u00e0 se produire r\u00e9guli\u00e8rement avec de grands orchestres comme l\u2019Orchestre de Paris, l\u2019Orchestre National du Capitole de Toulouse, l\u2019Orchestre National de France, l\u2019Orchestre de Lille ou le Mahler Chamber Orchestra.<\/p>\n<p>En 2015, elle remporte le Elba Festival Prize et se produit r\u00e9guli\u00e8rement en tant que soliste, notamment avec le National Th\u00e9\u00e2tre Orchestra \u00e0 Prague en 2017.<\/p>\n<p>\u00c9galement passionn\u00e9e par le m\u00e9tier de chambriste, Clarisse s\u2019\u00e9panouit au sein du quintette Altra, ensemble cr\u00e9e en 2013 avec ses amis rencontr\u00e9s au CNSMD de Lyon.<\/p>\n","protected":false},"excerpt":{"rendered":"<p>Apr\u00e8s avoir occup\u00e9 les postes de hautbois solo \u00e0 l\u2019Orchestre de Chambre de Paris et l\u2019Orchestre de la Suisse Romande, Clarisse Moreau est actuellement hautbois solo de l\u2019Orchestre National de Lyon. Elle \u00e9tudie au CNSMD de Lyon et \u00e0 la [&hellip;]<\/p>\n","protected":false},"author":1,"featured_media":0,"parent":0,"menu_order":0,"comment_status":"closed","ping_status":"closed","template":"","meta":{"_mi_skip_tracking":false},"acf":[],"_links":{"self":[{"href":"http:\/\/quintette-altra.fr\/index.php\/wp-json\/wp\/v2\/pages\/4577"}],"collection":[{"href":"http:\/\/quintette-altra.fr\/index.php\/wp-json\/wp\/v2\/pages"}],"about":[{"href":"http:\/\/quintette-altra.fr\/index.php\/wp-json\/wp\/v2\/types\/page"}],"author":[{"embeddable":true,"href":"http:\/\/quintette-altra.fr\/index.php\/wp-json\/wp\/v2\/users\/1"}],"replies":[{"embeddable":true,"href":"http:\/\/quintette-altra.fr\/index.php\/wp-json\/wp\/v2\/comments?post=4577"}],"version-history":[{"count":15,"href":"http:\/\/quintette-altra.fr\/index.php\/wp-json\/wp\/v2\/pages\/4577\/revisions"}],"predecessor-version":[{"id":5788,"href":"http:\/\/quintette-altra.fr\/index.php\/wp-json\/wp\/v2\/pages\/4577\/revisions\/5788"}],"wp:attachment":[{"href":"http:\/\/quintette-altra.fr\/index.php\/wp-json\/wp\/v2\/media?parent=4577"}],"curies":[{"name":"wp","href":"https:\/\/api.w.org\/{rel}","templated":true}]}}