{"id":4586,"date":"2016-03-15T00:12:24","date_gmt":"2016-03-14T23:12:24","guid":{"rendered":"http:\/\/quintette-altra.fr\/?page_id=4586"},"modified":"2022-07-06T11:20:58","modified_gmt":"2022-07-06T10:20:58","slug":"4586-2","status":"publish","type":"page","link":"http:\/\/quintette-altra.fr\/index.php\/4586-2\/","title":{"rendered":"Hugues Anselmo"},"content":{"rendered":"<p><a href=\"http:\/\/quintette-altra.fr\/wp-content\/uploads\/2019\/04\/043.jpg\"><img loading=\"lazy\" class=\"alignright wp-image-5436\" src=\"http:\/\/quintette-altra.fr\/wp-content\/uploads\/2019\/04\/043-684x1024.jpg\" alt=\"\" width=\"488\" height=\"731\" \/><\/a><\/p>\n<p>Apr\u00e8s l\u2019obtention d\u2019une licence de musicologie \u00e0 l\u2019Universit\u00e9 Paris Sorbonne, Hugues Anselmo int\u00e8gre le CNSMD de Lyon en 2010 dans la classe de J. Hardy et obtient son Master de basson avec la mention Tr\u00e8s bien \u00e0 l\u2019unanimit\u00e9 en 2015.<\/p>\n<p>Pendant son cursus, il d\u00e9couvre le monde musical europ\u00e9en : il \u00e9tudie un an \u00e0 Freiburg im Bresgau avec D. Chenna dans le cadre d\u2019un \u00e9change Erasmus puis int\u00e8gre le prestigieux Gustav Mahler Jugendorchestrer en 2014.<\/p>\n<p>C\u2019est \u00e0 Lyon que Hugues rencontre les membres du Quintette Altra, avec lequel il se perfectionne ensuite en int\u00e9grant le master de musique de chambre du CNSMD de Paris.<\/p>\n<p>Hugues m\u00e8ne une intense activit\u00e9 de musicien d\u2019orchestre : il est invit\u00e9 par de nombreuses formations telles que l\u2019Orchestre National des Pays de la Loire, l\u2019Orchestre Philharmonique de Monte-Carlo, l\u2019Op\u00e9ra de Lyon, l\u2019Orchestre Philharmonique de Nice ou encore l\u2019Orchestre R\u00e9gional de Cannes.<\/p>\n<p>Il int\u00e8gre successivement l&rsquo;orchestre de Pau Pays de B\u00e9arn en 2017 puis celui de l&rsquo;Op\u00e9ra National de Lorraine en 2018 aux postes de basson et contrebasson.<\/p>\n<p>Depuis 2019, Hugues est contrebasson solo \u00e0 l&rsquo;Orchestre Philharmonique de Radio France.<\/p>\n","protected":false},"excerpt":{"rendered":"<p>Apr\u00e8s l\u2019obtention d\u2019une licence de musicologie \u00e0 l\u2019Universit\u00e9 Paris Sorbonne, Hugues Anselmo int\u00e8gre le CNSMD de Lyon en 2010 dans la classe de J. Hardy et obtient son Master de basson avec la mention Tr\u00e8s bien \u00e0 l\u2019unanimit\u00e9 en 2015. [&hellip;]<\/p>\n","protected":false},"author":1,"featured_media":0,"parent":0,"menu_order":0,"comment_status":"closed","ping_status":"closed","template":"","meta":{"_mi_skip_tracking":false},"acf":[],"_links":{"self":[{"href":"http:\/\/quintette-altra.fr\/index.php\/wp-json\/wp\/v2\/pages\/4586"}],"collection":[{"href":"http:\/\/quintette-altra.fr\/index.php\/wp-json\/wp\/v2\/pages"}],"about":[{"href":"http:\/\/quintette-altra.fr\/index.php\/wp-json\/wp\/v2\/types\/page"}],"author":[{"embeddable":true,"href":"http:\/\/quintette-altra.fr\/index.php\/wp-json\/wp\/v2\/users\/1"}],"replies":[{"embeddable":true,"href":"http:\/\/quintette-altra.fr\/index.php\/wp-json\/wp\/v2\/comments?post=4586"}],"version-history":[{"count":10,"href":"http:\/\/quintette-altra.fr\/index.php\/wp-json\/wp\/v2\/pages\/4586\/revisions"}],"predecessor-version":[{"id":5790,"href":"http:\/\/quintette-altra.fr\/index.php\/wp-json\/wp\/v2\/pages\/4586\/revisions\/5790"}],"wp:attachment":[{"href":"http:\/\/quintette-altra.fr\/index.php\/wp-json\/wp\/v2\/media?parent=4586"}],"curies":[{"name":"wp","href":"https:\/\/api.w.org\/{rel}","templated":true}]}}