{"id":4715,"date":"2016-03-15T23:56:10","date_gmt":"2016-03-15T22:56:10","guid":{"rendered":"http:\/\/quintette-altra.fr\/?page_id=4715"},"modified":"2022-07-06T11:24:15","modified_gmt":"2022-07-06T10:24:15","slug":"repertoire","status":"publish","type":"page","link":"http:\/\/quintette-altra.fr\/index.php\/repertoire\/","title":{"rendered":"R\u00e9pertoire"},"content":{"rendered":"<h2 style=\"text-align: center;\">Quintette \u00e0 vent<\/h2>\n<hr>\n<h2 style=\"text-align: center;\"><\/h2>\n<p>&nbsp;<\/p>\n<p>&nbsp;<\/p>\n<h3 style=\"text-align: left;\">Classique<\/h3>\n<p><strong>Danzi&nbsp;: <\/strong>Quintette \u00e0 vent op.56 n\u00b02<br \/>\n<strong>Haydn&nbsp;: <\/strong><em>Divertimento<\/em> pour fl\u00fbte, hautbois, clarinette, cor et basson (transcription de H. Perry)<br \/>\n<strong>Mozart : <\/strong><em>Ouverture de la Fl\u00fbte enchant\u00e9e<\/em>&nbsp;(transcription de J. Linckelmann)<br \/>\n<strong>Mozart :<\/strong><em> S\u00e9r\u00e9nade n\u00b012 en ut mineur<\/em> (transcription de D. Walter)<br \/>\n<strong>Reicha&nbsp;: <\/strong>Quintette \u00e0 vent op.88 n\u00b02<\/p>\n<p>&nbsp;<\/p>\n<h3>Romantique<\/h3>\n<p><strong>Bizet&nbsp;<strong>:<\/strong> <\/strong><em>Carmen<\/em><strong>, <\/strong>Suite pour quintette \u00e0 vent (transcription de D. Walter)<br \/>\n<strong>Briccialdi : <\/strong>Quintette \u00e0 vent en R\u00e9 majeur op. 124<br \/>\n<strong>Dvorak :<\/strong> Quatuor \u00e0 cordes n\u00b012 op.96 dit \u00ab\u00a0Am\u00e9ricain\u00a0\u00bb (transcription de D. Walter)<br \/>\n<strong>Grieg<\/strong>&nbsp;<strong>:<\/strong> <em>Peer Gynt<\/em>, Suite pour quintette \u00e0 vent (transcription de J. Linckelmann)<br \/>\n<strong>Grieg :<\/strong> <em>Danses norv\u00e9giennes<\/em> (transcription de D. Walter)<br \/>\n<strong>Mendelssohn&nbsp;: <\/strong>Quatuor \u00e0 cordes op.12 n\u00b01 (transcription de D. Walter)<br \/>\n<strong>Rimsky-Korsakov&nbsp;: <\/strong><em>Le vol du Bourdon<\/em> (transcription de D. Walter)<br \/>\n<strong>Rossini&nbsp;:<\/strong> <em>Ouverture du Barbier de S\u00e9ville<\/em>&nbsp; (transcription de J. Linckelmann)<br \/>\n<strong>Taffanel :<\/strong> Quintette pour instruments \u00e0 vent<\/p>\n<p>&nbsp;<\/p>\n<h3>Moderne<\/h3>\n<p><strong>Arnold&nbsp;<strong>:<\/strong> <\/strong><em>Three Shanties<\/em><br \/>\n<strong>Abreu : <\/strong><em>Tico-tico no fuba <\/em>(transcription d&rsquo;A. Tarkmann)\u200b<br \/>\n<strong>Barber&nbsp;: <\/strong><em>Summer Music<\/em><br \/>\n<strong>Bart\u00f3k&nbsp;:<\/strong> <em>Danses Roumaines<\/em>&nbsp;(transcription de D. Walter)\u200b<br \/>\n<strong>Carter&nbsp;: <\/strong>Woodwind Quintet<br \/>\n<strong>Debussy&nbsp;:<\/strong><em> Petite Suite <\/em>pour quintette \u00e0 vent (transcription de G. Davies)<br \/>\n<strong>Debussy&nbsp;:<\/strong><em> Children&rsquo;s corner<\/em> (transcriptions de D. Walter et J. Linckelmann)<br \/>\n<strong>Farkas :<\/strong> <em>Early Hungarian Dances from the 17<sup>th<\/sup> century<\/em><br \/>\n<strong>Faur\u00e9 :<\/strong> <em>Pavane <\/em>(transcription de G. Du Cheyron)<br \/>\n<strong>Fran\u00e7aix&nbsp;<strong>:<\/strong><\/strong>&nbsp;Quintette \u00e0 vent n\u00b01 et&nbsp;Quintette \u00e0 vent n\u00b02<br \/>\n<strong>Gershwin&nbsp;: <\/strong><em>Un Am\u00e9ricain \u00e0 Paris<\/em> (transcription d&rsquo;E.T. Kalke)<br \/>\n<strong>Hindemith<\/strong> <strong>:<\/strong> <em>Kleine Kammermusik<\/em> op.24 n\u00b02<br \/>\n<strong>Ibert&nbsp;:<\/strong><em> Trois pi\u00e8ces br\u00e8ves <\/em><br \/>\n<strong>Jolivet&nbsp;<strong>:<\/strong> <\/strong><em>S\u00e9r\u00e9nade<\/em> pour quintette \u00e0 vent et hautbois principal<br \/>\n<strong>Joplin : <\/strong><em>New Rag<\/em> (transcription de D. Mabry)<br \/>\n<strong>Ligeti <strong>:<\/strong> <\/strong><em>Six Bagatelles<\/em><br \/>\n<strong>Milhaud&nbsp;: <\/strong><em>La Chemin\u00e9e du Roi Ren\u00e9<\/em><br \/>\n<strong>Nielsen&nbsp;<strong>:<\/strong> <\/strong>Quintette \u00e0 vent<br \/>\n<strong>Piazzola&nbsp;: <\/strong><em>Libertango<\/em><strong>&nbsp;<\/strong>(transcription de J. Scott) et&nbsp;<em>Oblivion&nbsp;<\/em>(transcription de S. Verhaert)<br \/>\n<strong>Poulenc&nbsp;: <\/strong><em>Trois pi\u00e8ces pour piano&nbsp;: Hymne, Pastorale et Toccata<\/em>&nbsp;(transcription de F. S\u00e9nia) <em>(cr\u00e9ation)<br \/>\n<\/em><strong>Prokofiev&nbsp;<strong>:<\/strong> <\/strong><em>Pierre et le Loup<\/em><strong>&nbsp;<\/strong>(transcription de R. Ostermeyer)<br \/>\n<strong>Ravel&nbsp;<strong>:<\/strong> <\/strong><em>Le Tombeau de Couperin<\/em><strong>&nbsp;<\/strong>(transcription de M. Jones)<br \/>\n<strong>Rota&nbsp;<strong>:<\/strong> <\/strong><em>Petite offrande musicale<\/em><br \/>\n<strong>Szerv\u00e1nszky&nbsp;: <\/strong>Quintette \u00e0 vent n\u00b01<br \/>\n<strong>Tajcevic&nbsp;: <\/strong><em>Sept danses balkaniques<\/em> (transcription de D. Walter)<br \/>\n<strong>Tomasi<\/strong>&nbsp;<strong>:<\/strong> <em>Cinq danses profanes et sacr\u00e9es<\/em><\/p>\n<p>&nbsp;<\/p>\n<h3>Contemporain<\/h3>\n<p><strong>Berio&nbsp;: <\/strong><em>Opus Number Zoo<\/em><br \/>\n<strong>Bierton<\/strong> : <em>Tangled Angles<\/em> (cr\u00e9ation)<br \/>\n<strong>D&rsquo;Rivera : <\/strong><em>Aires Tropicales<\/em><br \/>\n<strong>Escaich&nbsp;<strong>:<\/strong> <\/strong><em>III instants fugitifs<\/em><br \/>\n<strong>Sciarrino&nbsp;<\/strong>: Quintettino n\u00b02<br \/>\n<strong>Silvestrini <\/strong>: Quintette<br \/>\n<strong>Yun <\/strong>: <em>Eastern Lights<\/em><\/p>\n<p>&nbsp;<\/p>\n<p>&nbsp;<\/p>\n<p><em>&nbsp;<\/em><\/p>\n<h2 style=\"text-align: center;\">Sextuor avec piano<\/h2>\n<hr>\n<p>&nbsp;<\/p>\n<p><strong>Brahms&nbsp;: <\/strong>Sextuor pour quintette \u00e0 vent et piano d\u2019apr\u00e8s le Quatuor \u00e0 cordes en ut mineur op.60&nbsp;(transcription de D. Walter)<br \/>\n<strong>Debussy&nbsp;: <\/strong><em>Petite Suite<\/em> pour quintette \u00e0 vent et piano (transcription de D. Walter)<br \/>\n<strong>Fran\u00e7aix&nbsp;:<\/strong> <em>L\u2019Heure du Berger<\/em> pour quintette \u00e0 vent et piano<br \/>\n<strong>Moussorgsky<\/strong> <strong>:<\/strong> <em>Tableaux d&rsquo;une exposition<\/em> (transcription de D. Walter)<br \/>\n<strong>Mozart<\/strong>&nbsp;<strong>:<\/strong> Quintette pour hautbois, clarinette, basson, cor et piano K452<br \/>\n<strong>Poulenc&nbsp;:<\/strong> Sextuor pour quintette \u00e0 vent et piano op. 100<br \/>\n<strong>Ravel : <\/strong><em>Ma m\u00e8re l&rsquo;Oye<\/em> pour quintette \u00e0 vent et piano (transcription de D. Walter)<br \/>\n<strong>Ravel : <\/strong><em>Tombeau de Couperin<\/em> pour quintette \u00e0 vent et piano (transcription de D. Walter)<br \/>\n<strong>Roussel&nbsp;: <\/strong>Divertissement op.6 pour quintette \u00e0 vent et piano<br \/>\n<strong>Schumann : <\/strong>Sextuor en Mib majeur op.44 (transcription de D. Walter)<br \/>\n<strong>Schumann : <\/strong>Sextuor en Mib majeur d&rsquo;apr\u00e8s le quatuor op.47 (transcription de D. Walter)<\/p>\n<p>&nbsp;<\/p>\n<p>&nbsp;<\/p>\n<p>&nbsp;<\/p>\n<h2 style=\"text-align: center;\">Sextuor avec clarinette basse<\/h2>\n<hr>\n<p>&nbsp;<\/p>\n<p><strong>Janacek<\/strong>&nbsp;<strong>:<\/strong> <em>Mladi (Youth)<\/em> pour sextuor \u00e0 vent<br \/>\n<strong>Menozzi&nbsp;:<\/strong> <em>Nachtmusik<\/em> pour six instruments \u00e0 vent <em>(cr\u00e9ation)<\/em><\/p>\n<p>&nbsp;<\/p>\n<p>&nbsp;<\/p>\n<p>&nbsp;<\/p>\n<p>&nbsp;<\/p>\n<h1>SUGGESTIONS DE PROGRAMMES<\/h1>\n<p>&nbsp;<\/p>\n<p>&nbsp;<\/p>\n<h3 style=\"text-align: center;\">Couleurs hongroises (1h)<\/h3>\n<hr>\n<p style=\"text-align: center;\"><em>D\u00e9part imminent pour Budapest&nbsp;! Au programme, d\u00e9couverte de la musique d\u2019inspiration traditionnelle des pays de l\u2019Est.<\/em><\/p>\n<p style=\"text-align: center;\"><strong>Bart\u00f3k&nbsp;: <\/strong><em>Danses Roumaines<\/em>&nbsp;(transcription de D. Walter)<br \/>\n<strong>Ligeti <strong>:<\/strong> <\/strong><em>Six Bagatelles<\/em><strong>&nbsp;<\/strong><br \/>\n<strong>Szerv\u00e1nszky&nbsp;: <\/strong>Quintette \u00e0 vent n\u00b01<br \/>\n<strong>Farkas<\/strong> <strong>:<\/strong> <em>Early Hungarian Dances from the 17<sup>th<\/sup> century<\/em><\/p>\n<p>&nbsp;<\/p>\n<p>&nbsp;<\/p>\n<h3 style=\"text-align: center;\">Le Quintette danse\u2026 (1h)<\/h3>\n<hr>\n<p style=\"text-align: center;\"><em>Danse sacr\u00e9e ou danse galante, polka roumaine ou menuet \u00e0 la fran\u00e7aise, \u00e0 votre guise&nbsp;!<\/em><\/p>\n<p style=\"text-align: center;\"><strong>Bart\u00f3k&nbsp;:<\/strong><strong>&nbsp;<\/strong><em>Danses Roumaines<\/em>&nbsp;(transcription de D. Walter)<br \/>\n<strong>Tomasi :<\/strong>&nbsp;<em>Cinq danses profanes et sacr\u00e9es<\/em><br \/>\n<strong>Ravel :<\/strong>&nbsp;<em>Le Tombeau de Couperin<\/em>&nbsp;(transcription de M. Jones)<br \/>\n<strong>Farkas<\/strong>&nbsp;<strong>:<\/strong>&nbsp;<em>Early Hungarian Dances from the 17<sup>th<\/sup><\/em><em>&nbsp;<\/em><em>century<\/em><\/p>\n<p><em>&nbsp;<\/em><br \/>\n&nbsp;<\/p>\n<p>&nbsp;<\/p>\n<h3 style=\"text-align: center;\">French touch&rsquo; (1h)<\/h3>\n<hr>\n<p style=\"text-align: center;\"><em>Et si on red\u00e9couvrait les compositeurs du XX<sup>\u00e8me<\/sup> si\u00e8cle&nbsp;?<\/em><\/p>\n<p style=\"text-align: center;\"><strong>Jolivet<\/strong> : <em>S\u00e9r\u00e9nade pour quintette \u00e0 vent avec hautbois principal<\/em><br \/>\n<strong>Tomasi<\/strong> : <em>Cinq danses profanes et sacr\u00e9es<\/em><br \/>\n<strong>Fran\u00e7aix<\/strong> : Quintette \u00e0 vent n\u00b01<\/p>\n<p>&nbsp;<\/p>\n<p>&nbsp;<\/p>\n<h3 style=\"text-align: center;\"><strong>Histoire de Quintette (1h15)<\/strong><\/h3>\n<hr>\n<h3 style=\"margin: 0cm 0cm 0.0001pt; line-height: 18pt; font-variant-ligatures: normal; font-variant-caps: normal; orphans: 2; text-align: center; widows: 2; -webkit-text-stroke-width: 0px; word-spacing: 0px;\"><\/h3>\n<p style=\"margin: 0cm 0cm 0.0001pt; line-height: 18pt; font-variant-ligatures: normal; font-variant-caps: normal; orphans: 2; text-align: center; widows: 2; -webkit-text-stroke-width: 0px; word-spacing: 0px;\"><em>1821-1997 : des formes classiques au th\u00e9\u00e2tre musical en passant par les chants de marins\u2026&nbsp;<\/em><\/p>\n<p style=\"text-align: center;\"><strong>Danzi&nbsp;<\/strong>: Quintette \u00e0 vent op.56 n\u00b02<br \/>\n<strong>Hindemith<\/strong>&nbsp;: <em>Kleine Kammermusik<\/em> op.24 n\u00b02<\/p>\n<p style=\"text-align: center;\"><strong><em>&#8211; entracte &#8211;<\/em><\/strong><\/p>\n<p style=\"text-align: center;\"><strong>Arnold<\/strong>&nbsp;: <em>Three Shanties<\/em><br \/>\n<strong>B\u00e9rio&nbsp;<\/strong>: <em>Opus Number Zoo<\/em><br \/>\n<strong>Escaich<\/strong>&nbsp;: <em>III instants fugitifs<\/em><\/p>\n<p>&nbsp;<\/p>\n<p>&nbsp;<\/p>\n<h3 style=\"text-align: center;\">Un vent de musique fran\u00e7aise (1h30)<\/h3>\n<hr>\n<p style=\"text-align: center;\"><em>Aper\u00e7u d\u2019un si\u00e8cle de musique fran\u00e7aise\u2026<\/em><\/p>\n<p style=\"text-align: center;\"><strong>Taffanel&nbsp;<\/strong>: Quintette pour instruments \u00e0 vent<br \/>\n<strong>Poulenc<\/strong><span class=\"apple-converted-space\"><span style=\"font-family: 'Georgia',serif; color: #333333;\">&nbsp;<\/span><\/span>:<span class=\"apple-converted-space\">&nbsp;<\/span><em>Trois pi\u00e8ces pour piano : Hymne, Pastorale et Toccata<\/em><span class=\"apple-converted-space\">&nbsp;<\/span>(transcription de F. S\u00e9nia)<\/p>\n<p style=\"text-align: center;\">&#8211; entracte &#8211;<\/p>\n<p style=\"text-align: center;\"><strong>Ravel<span class=\"apple-converted-space\"><span style=\"font-family: 'Georgia',serif; color: #333333;\">&nbsp;<\/span><\/span><\/strong>:<span class=\"apple-converted-space\">&nbsp;<em>Le Tombeau de Couperin&nbsp;<\/em><\/span>(transcription de M. Jones)<br \/>\n<strong>Escaich<\/strong><span class=\"apple-converted-space\"><span style=\"font-family: 'Georgia',serif; color: #333333;\">&nbsp;<\/span><\/span>:<span class=\"apple-converted-space\">&nbsp;<\/span><em>III instants fugitifs<\/em><\/p>\n<p>&nbsp;<\/p>\n<p>&nbsp;<\/p>\n<h3 style=\"text-align: center;\"><strong>Sextuor avec piano (1h)<\/strong><\/h3>\n<hr>\n<p style=\"text-align: center;\"><em>A cinq c\u2019est bien, \u00e0 six c\u2019est mieux&nbsp;!<\/em><\/p>\n<p style=\"text-align: center;\"><strong>Mozart<\/strong> : Quintette pour hautbois, clarinette, basson, cor et piano K. 452<br \/>\n<strong>Poulenc<\/strong> : Sextuor pour quintette \u00e0 vent et piano op. 100<br \/>\n<strong>Debussy<\/strong> : <em>Petite Suite<\/em> pour quintette \u00e0 vent et piano (transcription de D. Walter)<\/p>\n<p><em>&nbsp;&nbsp;<\/em><br \/>\n&nbsp;<\/p>\n<p>&nbsp;<\/p>\n<h3 style=\"text-align: center;\">Conte de No\u00ebl (Spectacle jeune public) (40\u2019)<\/h3>\n<hr>\n<p style=\"text-align: center;\"><em>Apr\u00e8s une courte pr\u00e9sentation des instruments du quintette, nous vous racontons le voyage du petit Noah \u00e0 travers l\u2019Europe.<\/em><\/p>\n<p style=\"text-align: center;\"><strong><em>Extraits musicaux :<\/em><\/strong><\/p>\n<p style=\"text-align: center;\"><strong style=\"line-height: 1.5;\">Ibert&nbsp;:<\/strong><em style=\"line-height: 1.5;\"> Trois pi\u00e8ces br\u00e8ves <\/em><br \/>\n<strong style=\"line-height: 1.5;\">Grieg&nbsp;<\/strong><strong style=\"line-height: 1.5;\">:<\/strong> <em style=\"line-height: 1.5;\">Peer Gynt<\/em><span style=\"line-height: 1.5;\">, Suite pour quintette \u00e0 vent (transcription de J. Linckelmann)<\/span><br \/>\n<strong style=\"line-height: 1.5;\">Bart\u00f3k&nbsp;: <\/strong><em style=\"line-height: 1.5;\">Danses Roumaines<\/em><span style=\"line-height: 1.5;\">&nbsp;(transcription de D. Walter)<\/span><br \/>\n<strong style=\"line-height: 1.5;\">Ligeti<\/strong> <strong style=\"line-height: 1.5;\">:<\/strong> <em style=\"line-height: 1.5;\">Six Bagatelles<\/em><span style=\"line-height: 1.5;\">&nbsp;<\/span><br \/>\n<strong style=\"line-height: 1.5;\">Bizet&nbsp;<\/strong><strong style=\"line-height: 1.5;\">:<\/strong> <em style=\"line-height: 1.5;\">Carmen<\/em><span style=\"line-height: 1.5;\">, Suite pour quintette \u00e0 vent (transcription de D. Walter)<\/span><br \/>\n<strong style=\"line-height: 1.5;\">Rossini&nbsp;: <\/strong><em style=\"line-height: 1.5;\">Ouverture du Barbier de S\u00e9ville<\/em><span style=\"line-height: 1.5;\">&nbsp;(transcription de J. Linckelmann)<\/span><br \/>\n<strong style=\"line-height: 1.5;\">Farkas<\/strong> <strong style=\"line-height: 1.5;\">:<\/strong> <em style=\"line-height: 1.5;\">Early Hungarian Dances from the 17<sup>th<\/sup> century&nbsp;<\/em><\/p>\n","protected":false},"excerpt":{"rendered":"<p>Quintette \u00e0 vent &nbsp; &nbsp; Classique Danzi&nbsp;: Quintette \u00e0 vent op.56 n\u00b02 Haydn&nbsp;: Divertimento pour fl\u00fbte, hautbois, clarinette, cor et basson (transcription de H. Perry) Mozart : Ouverture de la Fl\u00fbte enchant\u00e9e&nbsp;(transcription de J. Linckelmann) Mozart : S\u00e9r\u00e9nade n\u00b012 en [&hellip;]<\/p>\n","protected":false},"author":1,"featured_media":0,"parent":0,"menu_order":0,"comment_status":"closed","ping_status":"closed","template":"","meta":{"_mi_skip_tracking":false},"acf":[],"_links":{"self":[{"href":"http:\/\/quintette-altra.fr\/index.php\/wp-json\/wp\/v2\/pages\/4715"}],"collection":[{"href":"http:\/\/quintette-altra.fr\/index.php\/wp-json\/wp\/v2\/pages"}],"about":[{"href":"http:\/\/quintette-altra.fr\/index.php\/wp-json\/wp\/v2\/types\/page"}],"author":[{"embeddable":true,"href":"http:\/\/quintette-altra.fr\/index.php\/wp-json\/wp\/v2\/users\/1"}],"replies":[{"embeddable":true,"href":"http:\/\/quintette-altra.fr\/index.php\/wp-json\/wp\/v2\/comments?post=4715"}],"version-history":[{"count":40,"href":"http:\/\/quintette-altra.fr\/index.php\/wp-json\/wp\/v2\/pages\/4715\/revisions"}],"predecessor-version":[{"id":5794,"href":"http:\/\/quintette-altra.fr\/index.php\/wp-json\/wp\/v2\/pages\/4715\/revisions\/5794"}],"wp:attachment":[{"href":"http:\/\/quintette-altra.fr\/index.php\/wp-json\/wp\/v2\/media?parent=4715"}],"curies":[{"name":"wp","href":"https:\/\/api.w.org\/{rel}","templated":true}]}}